{"id":16,"date":"2020-12-28T15:10:54","date_gmt":"2020-12-28T14:10:54","guid":{"rendered":"http:\/\/192.168.64.3\/shindo\/?page_id=8"},"modified":"2026-03-24T10:41:05","modified_gmt":"2026-03-24T09:41:05","slug":"startseite","status":"publish","type":"page","link":"https:\/\/www.shindo.at\/","title":{"rendered":"AKTUELLES"},"content":{"rendered":"\n<figure class=\"wp-block-table alignleft is-style-stripes\"><table><tbody><tr><td><mark style=\"background-color:rgba(0, 0, 0, 0);color:#8a0d18\" class=\"has-inline-color\">8. &#8211; 15. Mai 2026<\/mark><br>&#8222;DAS WEITE SUCHEN&#8220; &#8211; Achtsam Wandern im slowenischen Hinterland<br>2x 20 Min. Sitzmeditation, Impulsvortrag, 5-8 Stunden Wandern in Stille. Ausdauer erforderlich. F\u00fcr alle Altergruppen geeignet.<br>Wir wandern von unserem Ausgangspunkt im Soca-Tal in Tagesetappen entlang der Wocheinerbahn durch wild-unber\u00fchrte Naturlandschaft und einsame Bergd\u00f6rfer und kehren jeden Tag mit dem Zug in unsere Unterkunft zur\u00fcck. Das achtsame Gehen im Schweigen erm\u00f6glicht uns eine neuartige Begegnung sowohl mit der Natur als auch mit uns selbst.<br>Zeit: Freitag (Anreise \u00fcber Villach ins Soca-Tal) bis Freitag (R\u00fcckreise)<br>Kursbeitrag: Euro 390,- (zzgl. Unterbringungs,- Verpflegungs- und Reisekosten)<br>Information und Anmeldung: Marcus Hillinger,&nbsp;<a href=\"mailto:info@shindo.at\">info@shindo.at<\/a>&nbsp; , +43.650.6859775<br>(Begrenzte TN-Zahl!)<br><br><\/td><\/tr><tr><td><mark style=\"background-color:rgba(0, 0, 0, 0);color:#8a0d18\" class=\"has-inline-color\">1. &#8211; 5. Juni 2026<\/mark><br>RAINER MARIA RILKE und die POESIE DER STILLE. Eine Karstreise \/ TRIEST<br>Rainer Maria Rilkes faszinierendes Werk umfasst Reflexionen \u00fcber Existenz und Transzendenz, Betrachtungen zur Kunst und zum Verstehen von Kunst. Seine psychologische Tiefe und sein Vordringen in gedankliche R\u00e4ume, die kulturell gerade erst im Entstehen begriffen waren, sch\u00e4tzten Freunde und Wegbegleiterinnen wie Sigmund Freud, Auguste Rodin oder Lou Andreas-Salom\u00e9. Beim Gehen und Wandern durch einzigartige Landschaften und literarische Herkunftsorte (Duineser Elegien) vergegenw\u00e4rtigen und veranschaulichen wir uns zentrale Aspekte seines dichtenden Denkens.<br>Information und Anmeldung: Information und Anmeldung: Reiseparadies Kastler, <a href=\"https:\/\/www.kastler.at\/busreisen\/studienreisen\/kunst-und-literatur\/rainer-maria-rilke-und-die-poesie-der-stille-177991\">https:\/\/www.kastler.at\/busreisen\/studienreisen\/kunst-und-literatur\/rainer-maria-rilke-und-die-poesie-der-stille-177991<\/a><br><br><\/td><\/tr><tr><td><mark style=\"background-color:rgba(0, 0, 0, 0);color:#8a0d18\" class=\"has-inline-color\">4. &#8211; 11. Juli 2026<\/mark><br>ZEN UND WANDERN \/ HAUS DER STILLE PUREGG<br>5x 25 Minuten Zen-Meditation, 4-6 Stunden Bergwandern, pers\u00f6nliches Gespr\u00e4ch, durchgehendes Schweigen. Keine besonderen Erfahrungen n\u00f6tig, lediglich eine gute k\u00f6rperliche Verfassung.<br>Beim achtsamen Gehen und Wandern in Stille werden Schritte und Atem zu einer Einheit. In diesem Einswerden tritt das diskursive Denken zur\u00fcck und gibt den Raum frei f\u00fcr die Erfahrung von Achtsamkeit und Gewahrsein.<br>Zeit: Samstag, 18.00 bis Samstag, ca. 10.00<br>Hauskosten: Euro 392,-<br>Lehrerhonorar: freiwillig (Empfehlung des Hauses: Euro 45,-\/Tag)<br>Ort und Anmeldung: Haus der Stille Puregg, +43.664.9869754, <a href=\"https:\/\/www.puregg.at\/de\/seminare.html?eventid=463\">https:\/\/www.puregg.at\/de\/seminare.html?eventid=463<\/a><br><br><\/td><\/tr><tr><td><mark style=\"background-color:rgba(0, 0, 0, 0);color:#8a0d18\" class=\"has-inline-color\">15. &#8211; 22. August 2026<\/mark><br>ZEN UND WANDERN \/ HAUS DER STILLE PUREGG<br>5x 25 Minuten Zen-Meditation, 4-6 Stunden Bergwandern, pers\u00f6nliches Gespr\u00e4ch, durchgehendes Schweigen. Keine besonderen Erfahrungen n\u00f6tig, lediglich eine gute k\u00f6rperliche Verfassung.<br>Beim achtsamen Gehen und Wandern in Stille werden Schritte und Atem zu einer Einheit. In diesem Einswerden tritt das diskursive Denken zur\u00fcck und gibt den Raum frei f\u00fcr die Erfahrung von Achtsamkeit und Gewahrsein.<br>Zeit: Samstag, 18.00 bis Samstag, ca. 10.00<br>Hauskosten: Euro 392,-<br>Lehrerhonorar: freiwillig (Empfehlung des Hauses: Euro 45,-\/Tag)<br>Ort und Anmeldung: Haus der Stille Puregg, +43.664.9869754 und&nbsp;<a href=\"http:\/\/www.puregg.org\/\">www.puregg.org<\/a><br><a href=\"https:\/\/www.puregg.at\/de\/seminare.html?eventid=426\">https:\/\/www.puregg.at\/de\/seminare.html?eventid=426<\/a><br><br><\/td><\/tr><\/tbody><\/table><\/figure>\n\n\n\n<p class=\"has-text-color\" style=\"color:#8a0d18;font-size:15px\"><strong>Buch- und CD-Tipp<\/strong><\/p>\n\n\n\n<p class=\"has-text-color\" style=\"color:#50070d\">Ermin D\u00f6ll und Marcus Hillinger: DAS ZEN DES GL\u00dcCKLICHEN WANDERNS. Schritt f\u00fcr Schritt zu sich kommen, Theseus 2014<\/p>\n\n\n\n<p>Immer mehr Menschen machen sich zu Fu\u00df auf und entdecken f\u00fcr sich das Gehen und Wandern neu. Und obwohl es viel bequemer ist, weite Strecken mit dem Fahrzeug zur\u00fcckzulegen, entscheiden sich viele f\u00fcr das doch auch m\u00fchsame eigene Gehen. Wie Gehen und Wandern nun zur meditativen Erfahrung werden k\u00f6nnen, beschreiben die Autoren in diesem Buch. Die vorliegenden Texte und Anleitungen sind aus der langj\u00e4hrigen Praxis der Zen-Meditation und des meditativen Unterwegssein entstanden und m\u00f6chten zur eigenen Erfahrung anregen.<\/p>\n\n\n\n<p>Das Buch ist im Buchhandel erh\u00e4ltlich, kann aber auch &#8211; wie das H\u00f6rbuch &#8211; unter&nbsp;<a href=\"mailto:info@shindo.at\">info@shindo.at<\/a>&nbsp;bestellt werden. <\/p>\n\n\n\n<div class=\"wp-block-group\"><div class=\"wp-block-group__inner-container is-layout-flow wp-block-group-is-layout-flow\"><\/div><\/div>\n\n\n\n<figure class=\"wp-block-table is-style-stripes\"><table><tbody><tr><td><img loading=\"lazy\" decoding=\"async\" width=\"150\" height=\"113\" class=\"wp-image-91\" style=\"width: 150px;\" src=\"https:\/\/www.shindo.at\/wp-content\/uploads\/2021\/01\/cd_cover_mockup.jpg\" alt=\"\" srcset=\"https:\/\/www.shindo.at\/wp-content\/uploads\/2021\/01\/cd_cover_mockup.jpg 2000w, https:\/\/www.shindo.at\/wp-content\/uploads\/2021\/01\/cd_cover_mockup-300x225.jpg 300w, https:\/\/www.shindo.at\/wp-content\/uploads\/2021\/01\/cd_cover_mockup-1024x768.jpg 1024w, https:\/\/www.shindo.at\/wp-content\/uploads\/2021\/01\/cd_cover_mockup-768x576.jpg 768w, https:\/\/www.shindo.at\/wp-content\/uploads\/2021\/01\/cd_cover_mockup-1536x1152.jpg 1536w\" sizes=\"auto, (max-width: 150px) 100vw, 150px\" \/><\/td><td><\/td><td><img loading=\"lazy\" decoding=\"async\" width=\"150\" height=\"232\" class=\"wp-image-90\" style=\"width: 150px;\" src=\"https:\/\/www.shindo.at\/wp-content\/uploads\/2021\/01\/413ofALwbfL._SX321_BO1204203200_.jpg\" alt=\"\" srcset=\"https:\/\/www.shindo.at\/wp-content\/uploads\/2021\/01\/413ofALwbfL._SX321_BO1204203200_.jpg 323w, https:\/\/www.shindo.at\/wp-content\/uploads\/2021\/01\/413ofALwbfL._SX321_BO1204203200_-194x300.jpg 194w\" sizes=\"auto, (max-width: 150px) 100vw, 150px\" \/><\/td><\/tr><\/tbody><\/table><\/figure>\n\n\n","protected":false},"excerpt":{"rendered":"<p>8. &#8211; 15. Mai 2026&#8222;DAS WEITE SUCHEN&#8220; &#8211; Achtsam Wandern im slowenischen Hinterland2x 20 Min. Sitzmeditation, Impulsvortrag, 5-8 Stunden Wandern in Stille. Ausdauer erforderlich. F\u00fcr alle Altergruppen geeignet.Wir wandern von unserem Ausgangspunkt im Soca-Tal in Tagesetappen entlang der Wocheinerbahn durch wild-unber\u00fchrte Naturlandschaft und einsame Bergd\u00f6rfer und kehren jeden Tag mit dem Zug in unsere Unterkunft &hellip; <\/p>\n<p class=\"link-more\"><a href=\"https:\/\/www.shindo.at\/\" class=\"more-link\"><span class=\"screen-reader-text\">\u201eAKTUELLES\u201c<\/span> weiterlesen<\/a><\/p>\n","protected":false},"author":1,"featured_media":0,"parent":0,"menu_order":0,"comment_status":"closed","ping_status":"closed","template":"","meta":{"footnotes":""},"class_list":["post-16","page","type-page","status-publish","hentry"],"_links":{"self":[{"href":"https:\/\/www.shindo.at\/index.php?rest_route=\/wp\/v2\/pages\/16","targetHints":{"allow":["GET"]}}],"collection":[{"href":"https:\/\/www.shindo.at\/index.php?rest_route=\/wp\/v2\/pages"}],"about":[{"href":"https:\/\/www.shindo.at\/index.php?rest_route=\/wp\/v2\/types\/page"}],"author":[{"embeddable":true,"href":"https:\/\/www.shindo.at\/index.php?rest_route=\/wp\/v2\/users\/1"}],"replies":[{"embeddable":true,"href":"https:\/\/www.shindo.at\/index.php?rest_route=%2Fwp%2Fv2%2Fcomments&post=16"}],"version-history":[{"count":194,"href":"https:\/\/www.shindo.at\/index.php?rest_route=\/wp\/v2\/pages\/16\/revisions"}],"predecessor-version":[{"id":1499,"href":"https:\/\/www.shindo.at\/index.php?rest_route=\/wp\/v2\/pages\/16\/revisions\/1499"}],"wp:attachment":[{"href":"https:\/\/www.shindo.at\/index.php?rest_route=%2Fwp%2Fv2%2Fmedia&parent=16"}],"curies":[{"name":"wp","href":"https:\/\/api.w.org\/{rel}","templated":true}]}}