{"id":18,"date":"2020-12-28T15:10:54","date_gmt":"2020-12-28T14:10:54","guid":{"rendered":"http:\/\/192.168.64.3\/shindo\/?page_id=10"},"modified":"2021-03-22T10:53:51","modified_gmt":"2021-03-22T09:53:51","slug":"kontakt","status":"publish","type":"page","link":"https:\/\/www.shindo.at\/?page_id=18","title":{"rendered":"Zen-Meditation"},"content":{"rendered":"\n<p class=\"has-text-align-right has-small-font-size\" style=\"line-height:1.2\"><span style=\"color:#590808\" class=\"has-inline-color\">&#8222;Vom Dieb zur\u00fcckgelassen: Der Mond im Fenster.&#8220;<\/span> <\/p>\n\n\n\n<p class=\"has-text-align-right has-small-font-size\" style=\"line-height:1\">MEISTER RYOKAN<\/p>\n\n\n\n<p>Die Zen-Meditation ist eine ganzheitliche \u00dcbung, die zu einer vertieften Wahrnehmung unserer selbst und der Welt f\u00fchrt. Zen kann f\u00fcr jede und jeden zum Weg der inneren Befreiung, des Erwachens und der Erfahrung umfassenden Verbundenseins werden.<\/p>\n\n\n\n<p>Vier Wesensmerkmale kennzeichnen Zen:<\/p>\n\n\n\n<ul class=\"wp-block-list\"><li>Seine \u00dcberlieferung ist nicht an Schriften und Glaubenss\u00e4tze gebunden.<\/li><li>Es ist unabh\u00e4ngig von Worten und Gedanken.<\/li><li>Es zielt unmittelbar auf das Herz des Menschen.<\/li><li>Es schaut furchtlos auf die eigene Natur und f\u00fchrt zum Erwachen.<\/li><\/ul>\n\n\n\n<p>Auf diese Weise wird Zen zu einer Praxis der Lebenskunst, die zu einem achtsamen und von Wohlwollen und Mitgef\u00fchl getragenen Leben f\u00fchrt.<\/p>\n\n\n\n<p>Details zu den aktuellen Zen-Kursen findest du im Men\u00fcpunkt &#8218;Kursprogramm&#8216;.<\/p>\n","protected":false},"excerpt":{"rendered":"<p>&#8222;Vom Dieb zur\u00fcckgelassen: Der Mond im Fenster.&#8220; MEISTER RYOKAN Die Zen-Meditation ist eine ganzheitliche \u00dcbung, die zu einer vertieften Wahrnehmung unserer selbst und der Welt f\u00fchrt. Zen kann f\u00fcr jede und jeden zum Weg der inneren Befreiung, des Erwachens und der Erfahrung umfassenden Verbundenseins werden. Vier Wesensmerkmale kennzeichnen Zen: Seine \u00dcberlieferung ist nicht an Schriften &hellip; <\/p>\n<p class=\"link-more\"><a href=\"https:\/\/www.shindo.at\/?page_id=18\" class=\"more-link\"><span class=\"screen-reader-text\">\u201eZen-Meditation\u201c<\/span> weiterlesen<\/a><\/p>\n","protected":false},"author":1,"featured_media":177,"parent":0,"menu_order":1,"comment_status":"closed","ping_status":"closed","template":"","meta":{"footnotes":""},"class_list":["post-18","page","type-page","status-publish","has-post-thumbnail","hentry"],"_links":{"self":[{"href":"https:\/\/www.shindo.at\/index.php?rest_route=\/wp\/v2\/pages\/18","targetHints":{"allow":["GET"]}}],"collection":[{"href":"https:\/\/www.shindo.at\/index.php?rest_route=\/wp\/v2\/pages"}],"about":[{"href":"https:\/\/www.shindo.at\/index.php?rest_route=\/wp\/v2\/types\/page"}],"author":[{"embeddable":true,"href":"https:\/\/www.shindo.at\/index.php?rest_route=\/wp\/v2\/users\/1"}],"replies":[{"embeddable":true,"href":"https:\/\/www.shindo.at\/index.php?rest_route=%2Fwp%2Fv2%2Fcomments&post=18"}],"version-history":[{"count":12,"href":"https:\/\/www.shindo.at\/index.php?rest_route=\/wp\/v2\/pages\/18\/revisions"}],"predecessor-version":[{"id":406,"href":"https:\/\/www.shindo.at\/index.php?rest_route=\/wp\/v2\/pages\/18\/revisions\/406"}],"wp:featuredmedia":[{"embeddable":true,"href":"https:\/\/www.shindo.at\/index.php?rest_route=\/wp\/v2\/media\/177"}],"wp:attachment":[{"href":"https:\/\/www.shindo.at\/index.php?rest_route=%2Fwp%2Fv2%2Fmedia&parent=18"}],"curies":[{"name":"wp","href":"https:\/\/api.w.org\/{rel}","templated":true}]}}