{"id":61,"date":"2020-12-28T17:44:11","date_gmt":"2020-12-28T16:44:11","guid":{"rendered":"http:\/\/192.168.64.3\/shindo\/?page_id=61"},"modified":"2026-03-24T10:39:36","modified_gmt":"2026-03-24T09:39:36","slug":"ein-homepage-abschnitt-2","status":"publish","type":"page","link":"https:\/\/www.shindo.at\/?page_id=61","title":{"rendered":"Kursprogramm"},"content":{"rendered":"\n<div class=\"wp-block-columns is-layout-flex wp-container-core-columns-is-layout-9d6595d7 wp-block-columns-is-layout-flex\">\n<div class=\"wp-block-column is-layout-flow wp-block-column-is-layout-flow\" style=\"flex-basis:100%\">\n<div class=\"wp-block-columns is-layout-flex wp-container-core-columns-is-layout-9d6595d7 wp-block-columns-is-layout-flex\">\n<div class=\"wp-block-column is-layout-flow wp-block-column-is-layout-flow\" style=\"flex-basis:100%\">\n<figure class=\"wp-block-table aligncenter is-style-stripes\"><table><tbody><tr><td><\/td><td class=\"has-text-align-right\" data-align=\"right\"><\/td><td><strong>KURSE 2026<\/strong><\/td><\/tr><tr><td><\/td><td class=\"has-text-align-right\" data-align=\"right\"><strong><mark style=\"background-color:rgba(0, 0, 0, 0);color:#8a0d18\" class=\"has-inline-color\">10.-17.1.<\/mark><\/strong><\/td><td>ZEN und SCHNEESCHUHWANDERN \/ Haus der Stille Puregg<\/td><\/tr><tr><td><\/td><td class=\"has-text-align-right\" data-align=\"right\"><strong><mark style=\"background-color:rgba(0, 0, 0, 0);color:#8a0d18\" class=\"has-inline-color\">30.1.-6.2.<\/mark><\/strong><\/td><td>ZEN und SCHNEESCHUHWANDERN \/ Haus der Stille Puregg<\/td><\/tr><tr><td><\/td><td class=\"has-text-align-right\" data-align=\"right\"><strong><mark style=\"background-color:rgba(0, 0, 0, 0);color:#8a0d18\" class=\"has-inline-color\">8.-15.5.<\/mark><\/strong><\/td><td>&#8222;DAS WEITE SUCHEN&#8220; &#8211; Achtsam Wandern durchs slowenische Hinterland<\/td><\/tr><tr><td><\/td><td class=\"has-text-align-right\" data-align=\"right\"><strong><mark style=\"background-color:rgba(0, 0, 0, 0);color:#8a0d18\" class=\"has-inline-color\">1.-5.6.<\/mark><\/strong><\/td><td>RILKE und die Poesie der Stille. Eine Karstreise \/ Triest<\/td><\/tr><tr><td><\/td><td class=\"has-text-align-right\" data-align=\"right\"><strong><mark style=\"background-color:rgba(0, 0, 0, 0);color:#8a0d18\" class=\"has-inline-color\">4.-11.7.<\/mark><\/strong><\/td><td>ZEN und WANDERN \/ Haus der Stille Puregg<\/td><\/tr><tr><td><\/td><td class=\"has-text-align-right\" data-align=\"right\"><strong><mark style=\"background-color:rgba(0, 0, 0, 0);color:#8a0d18\" class=\"has-inline-color\">15.-22.8.<\/mark><\/strong><\/td><td>ZEN und WANDERN \/ Haus der Stille Puregg<\/td><\/tr><tr><td><\/td><td class=\"has-text-align-right\" data-align=\"right\"><strong><mark style=\"background-color:rgba(0, 0, 0, 0);color:#8a0d18\" class=\"has-inline-color\">18.-27.9.<\/mark><\/strong><\/td><td>&#8222;AUF HEILIGEN PFADEN&#8220; &#8211; Achtsam Wandern auf dem Franziskusweg \/ IT<\/td><\/tr><tr><td><\/td><td class=\"has-text-align-right\" data-align=\"right\"><strong><mark style=\"background-color:rgba(0, 0, 0, 0);color:#8a0d18\" class=\"has-inline-color\">9.\/10.10.<\/mark><\/strong><\/td><td>ACHTSAM GEHEN. Worum es geht, wenn man geht \/ vhs Linz<\/td><\/tr><tr><td><\/td><td class=\"has-text-align-right\" data-align=\"right\"><strong><mark style=\"background-color:rgba(0, 0, 0, 0);color:#8a0d18\" class=\"has-inline-color\">16.-23.10.<\/mark><\/strong><\/td><td>ACHTSAM WANDERN auf Cres \/ Kroatien<\/td><\/tr><tr><td><\/td><td class=\"has-text-align-right\" data-align=\"right\"><strong><mark style=\"background-color:rgba(0, 0, 0, 0);color:#8a0d18\" class=\"has-inline-color\">26.10.-1.11.<\/mark><\/strong><\/td><td>ZEN &#8211; Wandlung zum inneren Himmel \/ Haus der Stille Puregg<\/td><\/tr><tr><td><\/td><td class=\"has-text-align-right\" data-align=\"right\"><strong><mark style=\"background-color:rgba(0, 0, 0, 0);color:#8a0d18\" class=\"has-inline-color\">ab 4.11.<\/mark><\/strong><\/td><td>&#8222;Philosophische Streifz\u00fcge&#8220;: Du musst dein Leben \u00e4ndern! \/ vhs Linz<\/td><\/tr><tr><td><\/td><td class=\"has-text-align-right\" data-align=\"right\"><strong><mark style=\"background-color:rgba(0, 0, 0, 0);color:#8a0d18\" class=\"has-inline-color\">11.-15.11.<\/mark><\/strong><\/td><td>KONTEMPLATION und MYSTIK \/ Stift Altenburg, N\u00d6<\/td><\/tr><\/tbody><\/table><\/figure>\n<\/div>\n<\/div>\n<\/div>\n<\/div>\n\n\n\n<figure class=\"wp-block-table aligncenter is-style-stripes\"><table><tbody><tr><td><\/td><td class=\"has-text-align-right\" data-align=\"right\"><\/td><td><strong>VORSCHAU 2027<\/strong><\/td><\/tr><tr><td><\/td><td class=\"has-text-align-right\" data-align=\"right\"><strong><mark style=\"background-color:rgba(0, 0, 0, 0);color:#8a0d18\" class=\"has-inline-color\">9.-16.1.<\/mark><\/strong><\/td><td>ZEN und SCHNEESCHUHWANDERN \/ Haus der Stille Puregg<\/td><\/tr><tr><td><\/td><td class=\"has-text-align-right\" data-align=\"right\"><strong><mark style=\"background-color:rgba(0, 0, 0, 0);color:#8a0d18\" class=\"has-inline-color\">30.1.-6.2.<\/mark><\/strong><\/td><td>ZEN und SCHNEESCHUHWANDERN \/ Haus der Stille Puregg<\/td><\/tr><tr><td><\/td><td class=\"has-text-align-right\" data-align=\"right\"><strong><mark style=\"background-color:rgba(0, 0, 0, 0);color:#8a0d18\" class=\"has-inline-color\">21.-28.5.<\/mark><\/strong><\/td><td>&#8222;DAS WEITE SUCHEN&#8220; &#8211; Achtsam Wandern durchs slowenische Hinterland<\/td><\/tr><tr><td><\/td><td class=\"has-text-align-right\" data-align=\"right\"><strong><mark style=\"background-color:rgba(0, 0, 0, 0);color:#8a0d18\" class=\"has-inline-color\">3.-10.7.<\/mark><\/strong><\/td><td>ZEN und WANDERN \/ Haus der Stille Puregg<\/td><\/tr><tr><td><\/td><td class=\"has-text-align-right\" data-align=\"right\"><strong><mark style=\"background-color:rgba(0, 0, 0, 0);color:#8a0d18\" class=\"has-inline-color\">14.-21.8.<\/mark><\/strong><\/td><td>ZEN und WANDERN \/ Haus der Stille Puregg<\/td><\/tr><tr><td><\/td><td class=\"has-text-align-right\" data-align=\"right\"><strong><mark style=\"background-color:rgba(0, 0, 0, 0);color:#8a0d18\" class=\"has-inline-color\">17.-26.9.<\/mark><\/strong><\/td><td>&#8222;AUF HEILIGEN PFADEN&#8220; &#8211; Achtsam Wandern auf dem Franziskusweg \/ IT<\/td><\/tr><tr><td><\/td><td class=\"has-text-align-right\" data-align=\"right\"><strong><mark style=\"background-color:rgba(0, 0, 0, 0);color:#8a0d18\" class=\"has-inline-color\">15.-22.10.<\/mark><\/strong><\/td><td>ACHTSAM WANDERN auf Krk \/ Kroatien<\/td><\/tr><tr><td><\/td><td class=\"has-text-align-right\" data-align=\"right\"><strong><mark style=\"background-color:rgba(0, 0, 0, 0);color:#8a0d18\" class=\"has-inline-color\">26.10.-1.11.<\/mark><\/strong><\/td><td>ZEN &#8211; Wandlung zum inneren Himmel \/ Haus der Stille Puregg<\/td><\/tr><tr><td><\/td><td class=\"has-text-align-right\" data-align=\"right\"><strong><mark style=\"background-color:rgba(0, 0, 0, 0);color:#8a0d18\" class=\"has-inline-color\">10.-14.11.<\/mark><\/strong><\/td><td>KONTEMPLATION und MYSTIK \/ Stift Altenburg, N\u00d6<\/td><\/tr><\/tbody><\/table><\/figure>\n\n\n\n<figure class=\"wp-block-table alignleft is-style-stripes\"><table><tbody><tr><td><strong>KURSE IM DETAIL<\/strong><br><\/td><\/tr><tr><td><mark style=\"background-color:rgba(0, 0, 0, 0);color:#8a0d18\" class=\"has-inline-color\">10.-17. J\u00e4nner 2026<\/mark><br>ZEN UND SCHNEESCHUHWANDERN \/ HAUS DER STILLE PUREGG<br>5x 25 Minuten Zen-Meditation, 4-6 Stunden Schneeschuhwandern, pers\u00f6nliches Gespr\u00e4ch, durchgehendes Schweigen. Keine besonderen Erfahrungen n\u00f6tig, lediglich eine gute k\u00f6rperliche Verfassung.<br>Beim achtsamen Gehen und Wandern in Stille werden Schritte und Atem zu einer Einheit. In diesem Einswerden tritt das diskursive Denken zur\u00fcck und gibt den Raum frei f\u00fcr die Erfahrung von Achtsamkeit und Gewahrsein.<br>Zeit: Samstag, 18.00 bis Samstag, 10.00<br>Hauskosten: Euro 392,-<br>Lehrerhonorar: freiwillig (Empfehlung des Hauses: Euro 45,-\/Tag)<br>Ort und Anmeldung: Haus der Stille Puregg, +43.664.9869754, <a href=\"https:\/\/www.puregg.at\/de\/seminare.html?eventid=457\">https:\/\/www.puregg.at\/de\/seminare.html?eventid=457<\/a><br><br><\/td><\/tr><tr><td><mark style=\"background-color:rgba(0, 0, 0, 0);color:#8a0d18\" class=\"has-inline-color\">30. J\u00e4nner &#8211; 6. Februar 2026<\/mark><br>ZEN UND SCHNEESCHUHWANDERN \/ HAUS DER STILLE PUREGG<br>5x 25 Minuten Zen-Meditation, 4-6 Stunden Schneeschuhwandern, pers\u00f6nliches Gespr\u00e4ch, durchgehendes Schweigen. Keine besonderen Erfahrungen n\u00f6tig, lediglich eine gute k\u00f6rperliche Verfassung.<br>Beim achtsamen Gehen und Wandern in Stille werden Schritte und Atem zu einer Einheit. In diesem Einswerden tritt das diskursive Denken zur\u00fcck und gibt den Raum frei f\u00fcr die Erfahrung von Achtsamkeit und Gewahrsein.<br>Zeit: Freitag, 18.00 bis Freitag, 10.00<br>Hauskosten: Euro 392,-<br>Lehrerhonorar: freiwillig (Empfehlung des Hauses: Euro 45,-\/Tag)<br>Ort und Anmeldung: Haus der Stille Puregg, +43.664.9869754, <a href=\"https:\/\/www.puregg.at\/de\/seminare.html?eventid=458\">https:\/\/www.puregg.at\/de\/seminare.html?eventid=458<\/a><br><br><\/td><\/tr><tr><td><mark style=\"background-color:rgba(0, 0, 0, 0);color:#8a0d18\" class=\"has-inline-color\">8. &#8211; 15. Mai 2026<\/mark><br>&#8222;DAS WEITE SUCHEN&#8220; &#8211; Achtsam Wandern im slowenischen Hinterland<br>2x 20 Min. Sitzmeditation, Impulsvortrag, 5-8 Stunden Wandern in Stille. Ausdauer erforderlich. F\u00fcr alle Altergruppen geeignet.<br>Wir wandern von unserem Ausgangspunkt im Soca-Tal in Tagesetappen entlang der Wocheinerbahn durch wild-unber\u00fchrte Naturlandschaft und einsame Bergd\u00f6rfer und kehren jeden Tag mit dem Zug in unsere Unterkunft zur\u00fcck. Das achtsame Gehen im Schweigen erm\u00f6glicht uns eine neuartige Begegnung sowohl mit der Natur als auch mit uns selbst.<br>Zeit: Freitag (Anreise \u00fcber Villach ins Soca-Tal) bis Freitag (R\u00fcckreise)<br>Kursbeitrag: Euro 390,- (zzgl. Unterbringungs,- Verpflegungs- und Reisekosten)<br>Information und Anmeldung: Marcus Hillinger,&nbsp;<a href=\"mailto:info@shindo.at\">info@shindo.at<\/a>&nbsp; , +43.650.6859775<br>(Begrenzte TN-Zahl!)<br><br><\/td><\/tr><tr><td><mark style=\"background-color:rgba(0, 0, 0, 0);color:#8a0d18\" class=\"has-inline-color\">1. &#8211; 5. Juni 2026<\/mark><br>RAINER MARIA RILKE und die POESIE DER STILLE. Eine Karstreise \/ TRIEST<br>Rainer Maria Rilkes faszinierendes Werk umfasst Reflexionen \u00fcber Existenz und Transzendenz, Betrachtungen zur Kunst und zum Verstehen von Kunst. Seine psychologische Tiefe und sein Vordringen in gedankliche R\u00e4ume, die kulturell gerade erst im Entstehen begriffen waren, sch\u00e4tzten Freunde und Wegbegleiterinnen wie Sigmund Freud, Auguste Rodin oder Lou Andreas-Salom\u00e9. Beim Gehen und Wandern durch einzigartige Landschaften und literarische Herkunftsorte (Duineser Elegien) vergegenw\u00e4rtigen und veranschaulichen wir uns zentrale Aspekte seines dichtenden Denkens.<br>Information und Anmeldung: Information und Anmeldung: Reiseparadies Kastler, <a href=\"https:\/\/www.kastler.at\/busreisen\/studienreisen\/kunst-und-literatur\/rainer-maria-rilke-und-die-poesie-der-stille-177991\">https:\/\/www.kastler.at\/busreisen\/studienreisen\/kunst-und-literatur\/rainer-maria-rilke-und-die-poesie-der-stille-177991<\/a><br><br><\/td><\/tr><tr><td><mark style=\"background-color:rgba(0, 0, 0, 0);color:#8a0d18\" class=\"has-inline-color\">4. &#8211; 11. Juli 2026<\/mark><br>ZEN UND WANDERN \/ HAUS DER STILLE PUREGG<br>5x 25 Minuten Zen-Meditation, 4-6 Stunden Bergwandern, pers\u00f6nliches Gespr\u00e4ch, durchgehendes Schweigen. Keine besonderen Erfahrungen n\u00f6tig, lediglich eine gute k\u00f6rperliche Verfassung.<br>Beim achtsamen Gehen und Wandern in Stille werden Schritte und Atem zu einer Einheit. In diesem Einswerden tritt das diskursive Denken zur\u00fcck und gibt den Raum frei f\u00fcr die Erfahrung von Achtsamkeit und Gewahrsein.<br>Zeit: Samstag, 18.00 bis Samstag, ca. 10.00<br>Hauskosten: Euro 392,-<br>Lehrerhonorar: freiwillig (Empfehlung des Hauses: Euro 45,-\/Tag)<br>Ort und Anmeldung: Haus der Stille Puregg, +43.664.9869754, <a href=\"https:\/\/www.puregg.at\/de\/seminare.html?eventid=463\">https:\/\/www.puregg.at\/de\/seminare.html?eventid=463<\/a><br><br><\/td><\/tr><tr><td><mark style=\"background-color:rgba(0, 0, 0, 0);color:#8a0d18\" class=\"has-inline-color\">15. &#8211; 22. August 2026<\/mark><br>ZEN UND WANDERN \/ HAUS DER STILLE PUREGG<br>5x 25 Minuten Zen-Meditation, 4-6 Stunden Bergwandern, pers\u00f6nliches Gespr\u00e4ch, durchgehendes Schweigen. Keine besonderen Erfahrungen n\u00f6tig, lediglich eine gute k\u00f6rperliche Verfassung.<br>Beim achtsamen Gehen und Wandern in Stille werden Schritte und Atem zu einer Einheit. In diesem Einswerden tritt das diskursive Denken zur\u00fcck und gibt den Raum frei f\u00fcr die Erfahrung von Achtsamkeit und Gewahrsein.<br>Zeit: Samstag, 18.00 bis Samstag, ca. 10.00<br>Hauskosten: Euro 392,-<br>Lehrerhonorar: freiwillig (Empfehlung des Hauses: Euro 45,-\/Tag)<br>Ort und Anmeldung: Haus der Stille Puregg, +43.664.9869754 und&nbsp;<a href=\"http:\/\/www.puregg.org\/\">www.puregg.org<\/a><br><a href=\"https:\/\/www.puregg.at\/de\/seminare.html?eventid=426\">https:\/\/www.puregg.at\/de\/seminare.html?eventid=426<\/a><br><br><\/td><\/tr><tr><td><mark style=\"background-color:rgba(0, 0, 0, 0);color:#8a0d18\" class=\"has-inline-color\">18. &#8211; 27. September 2026<\/mark><br>ACHTSAM WANDERN AUF DEM FRANZISKUSWEG \/ ITALIEN<br>2x 20 Min. Sitzmeditation, Kurzvortrag, 4-7 Stunden Wandern in Stille, M\u00f6glichkeit zu pers\u00f6nlichem Gespr\u00e4ch.<br>Auf den Spuren des Franz von Assisi wandern wir in 7 Tagesetappen von Sansepolcro nach Assisi. Dieser zweite Teil des Franziskusweges f\u00fchrt uns vom Franziskanerkloster Montecasale \u00fcber die Sandh\u00fcgel der Bocca Serriola und das mittelalterliche Gubbio nach Assisi, dem Geburtsort von Franziskus. Immer wieder tauchen wir in ausgedehnte Eichen- und Buchenw\u00e4lder ein und erleben die Zeitlosigkeit der umbrischen Landschaft.<br>(Anschlussm\u00f6glichkeit 2027 bis Rieti)<br>Kursbeitrag: Euro 520,- (zzgl. \u00dcbernachtungs- und Verpflegungskosten: ca. 70,-\/Tag sowie Reisekosten: ca. 260,-)<br>Information und Anmeldung: Marcus Hillinger,&nbsp;<a href=\"mailto:info@shindo.at\">info@shindo.at<\/a>&nbsp; , +43.650.6859775<br>(Begrenzte TN-Zahl!)<br><br><\/td><\/tr><tr><td><mark style=\"background-color:rgba(0, 0, 0, 0);color:#8a0d18\" class=\"has-inline-color\">9.\/10. Oktober 2026<\/mark><br>ACHTSAM GEHEN. Worum es geht, wenn man geht \/ vhs Linz<br>Gelassenheit ist ein Schl\u00fcsselwort in der Ein\u00fcbung von nachhaltigen Lebensstilen. Von allen Methoden zur Ein\u00fcbung von Gelassenheit ist der aufrechte Gang die allereinfachste, sagt Ulrich Grober in seinem Buch \u201eVom Wandern\u201c.<br>Im Gegensatz zum Fitness- und Nordic Walking steht beim achtsamen Gehen und Wandern in Stille der meditative Aspekt im Vordergrund. Schritte und Atem synchronisieren sich, und in diesem Einswerden tritt das diskursive Denken in den Hintergrund und gibt den Raum frei f\u00fcr die Erfahrung von Achtsamkeit und Gewahrsein.<br>Zeit: Freitag, 9.10., 18.30 bis 20:00 Vortrag (vhs Linz); Samstag, 10.10., 8:45 M\u00fchlkreisbahnhof Linz-Urfahr, 4-st\u00fcndiger Spaziergang in Stille von Rottenegg nach Linz<br>Ort und Anmeldung: vhs Linz, K\u00e4rnterstra\u00dfe 1, 4020 Linz, Details in K\u00fcrze!<br><br><\/td><\/tr><tr><td><mark style=\"background-color:rgba(0, 0, 0, 0);color:#8a0d18\" class=\"has-inline-color\">16. &#8211; 23. Oktober 2026<\/mark><br>ACHTSAM WANDERN auf Cres \/ Kroatien<br>Das achtsame Wandern im Schweigen erschlie\u00dft uns die Insel Cres in ihrer ganzen Urspr\u00fcnglichkeit und wir gewinnen umfassende Einblicke in die Vielfalt von Kultur und Natur der Insel. Ausgangspunkt unserer Wanderungen ist die ruhig und harmonisch in die Landschaft eingebettete Hotelanlage <em>Kimen<\/em> am Stadtrand von Cres. Von hier aus erreichen wir die Wanderwege bequem mit unserem Kleinbus, und k\u00f6nnen uns auf diese Weise den ganzen Reichtum der Insel erschlie\u00dfen.<br>Information und Anmeldung: Reiseparadies Kastler, <a href=\"https:\/\/www.kastler.at\/busreisen\/rad-und-wanderreisen\/wanderreisen\/achtsam-wandern-auf-cres-137564\">https:\/\/www.kastler.at\/busreisen\/rad-und-wanderreisen\/wanderreisen\/achtsam-wandern-auf-cres-137564<\/a><br><br><\/td><\/tr><tr><td><mark style=\"background-color:rgba(0, 0, 0, 0);color:#8a0d18\" class=\"has-inline-color\">26. Oktober &#8211; 1. November 2026<\/mark><br>ZEN &#8211; WANDLUNG ZUM INNEREN HIMMEL \/ HAUS DER STILLE PUREGG<br>11x 25 Min. Sitzmeditation, Gehmeditation, Vortrag, M\u00f6glichkeit zu pers\u00f6nlichem Gespr\u00e4ch, durchgehendes Schweigen. F\u00fcr motivierte Anf\u00e4nger\/innen und Fortgeschrittene geeignet.<br>&nbsp;Die Zen-Meditation ist eine ganzheitliche \u00dcbung, die zu einer vertieften Wahrnehmung unserer selbst und der Welt f\u00fchrt. Zen kann f\u00fcr jede und jeden zum Weg der inneren Befreiung, des Erwachens und der Erfahrung umfassenden Verbundenseins werden.<br>Zeit: Montag, 18.00 bis Sonntag, 10.00<br>Hauskosten: Euro 336,-<br>Lehrerhonorar: freiwillig (Empfehlung des Hauses: Euro 45,-\/Tag)<br>Ort und Anmeldung: Haus der Stille Puregg, +43.664.9869754, <a href=\"https:\/\/www.puregg.at\/de\/seminare.html?eventid=468\">https:\/\/www.puregg.at\/de\/seminare.html?eventid=468<\/a><br><br><\/td><\/tr><tr><td><mark style=\"background-color:rgba(0, 0, 0, 0);color:#8a0d18\" class=\"has-inline-color\">ab 4. November 2026<\/mark><br>&#8222;PHILOSOPHISCHE STREIFZ\u00dcGE&#8220;: Du musst dein Leben \u00e4ndern! Pl\u00e4doyer f\u00fcr eine neue Kultur des Bewusstseins \/ vhs Linz<br>Globalisierung, Digitalisierung und KI stehen zunehmend im Verdacht, entgegen ihren vollmundigen Versprechen unsere Probleme eher zu befeuern, statt zu ihrer L\u00f6sung beizutragen. Die Frage stellt sich: Welche neuen Wege m\u00fcssen unser Denken, F\u00fchlen und Handeln finden, um den Herausforderungen der Zeit gewachsen zu sein? Wir werden unseren philosophischen Blick in alle Himmelsrichtungen werfen und Antworten im Norden, S\u00fcden, Osten und im Westen suchen, denn: \u201e&#8230; da ist keine Stelle, die dich nicht sieht: Du musst dein Leben \u00e4ndern!&#8220; (Rainer Maria Rilke)<br>Zeit: Mittwoch, 18.30 bis 20:00<br>Weitere Termine: 18.11.\/25.11.\/2.12.\/\/<br>Lehrerhonorar: freiwillig (Empfehlung des Hauses: Euro 45,-\/Tag)<br>Ort und Anmeldung: vhs Linz, K\u00e4rnterstra\u00dfe 1, 4020 Linz, Details in K\u00fcrze!<br><br><\/td><\/tr><tr><td><mark style=\"background-color:rgba(0, 0, 0, 0);color:#8a0d18\" class=\"has-inline-color\">11. &#8211; 15. November 2026<\/mark><br>KONTEMPLATION und MYSTIK \/ Stift Altenburg, N\u00d6<mark style=\"background-color:rgba(0, 0, 0, 0);color:#8a0d18\" class=\"has-inline-color\"><br><\/mark><mark style=\"background-color:rgba(0, 0, 0, 0)\" class=\"has-inline-color has-black-color\">10x 20 Min. Sitzen in Stille, Vortrag, K\u00f6rper\u00fcbungen, durchgehendes Schweigen, M\u00f6glichkeit zu pers\u00f6nlichem Gespr\u00e4ch.<br>Die aktuellen Krisenerfahrungen erfordern einen &#8222;neuen Menschen&#8220; (Papst Franziskus), dessen Sorge sich auf die Bewahrung der Natur und gleicherma\u00dfen auf das gedeihliche Miteinander der Menschen und die eigene Innerlichkeit richtet. Der Weg der Mystik zeigt uns im Sitzen in Stille die M\u00f6glichkeit auf, &#8222;in eine bessere Form von uns selbst zu kommen&#8220; (Erhart K\u00e4stner) .<br>Zeit: Mittwoch, 18.00 &#8211; Sonntag, 10.00<br>Kurskosten: <\/mark>DANA (freiwilliges Geben; Empfehlung: Euro 150,-)<br>Hauskosten: ab Euro 100,-\/Tag in Vollpension<mark style=\"background-color:rgba(0, 0, 0, 0)\" class=\"has-inline-color has-black-color\"><br>Information und Anmeldung:<\/mark> Stift Altenburg, <a href=\"https:\/\/www.stift-altenburg.at\/\">https:\/\/www.stift-altenburg.at\/<\/a>, <a href=\"mailto:info@shindo.at\">gaestehaus@stift-altenburg.at<\/a> , +43.664.80114414 sowie Marcus Hillinger,&nbsp;<a href=\"mailto:info@shindo.at\">info@shindo.at<\/a>&nbsp; , +43.650.6859775<br><br><\/td><\/tr><tr><td><mark style=\"background-color:rgba(0, 0, 0, 0);color:#8a0d18\" class=\"has-inline-color\">9.-16. J\u00e4nner 2027<\/mark><br>ZEN UND SCHNEESCHUHWANDERN \/ HAUS DER STILLE PUREGG<br>5x 25 Minuten Zen-Meditation, 4-6 Stunden Schneeschuhwandern, pers\u00f6nliches Gespr\u00e4ch, durchgehendes Schweigen. Keine besonderen Erfahrungen n\u00f6tig, lediglich eine gute k\u00f6rperliche Verfassung.<br>Beim achtsamen Gehen und Wandern in Stille werden Schritte und Atem zu einer Einheit. In diesem Einswerden tritt das diskursive Denken zur\u00fcck und gibt den Raum frei f\u00fcr die Erfahrung von Achtsamkeit und Gewahrsein.<br>Zeit: Samstag, 18.00 bis Samstag, 10.00<br>Hauskosten: Euro 392,-<br>Lehrerhonorar: freiwillig (Empfehlung des Hauses: Euro 45,-\/Tag)<br>Ort und Anmeldung: Haus der Stille Puregg, +43.664.9869754, <a href=\"https:\/\/www.puregg.at\/de\/seminare.html?eventid=492\">https:\/\/www.puregg.at\/de\/seminare.html?eventid=492<\/a><br><br><\/td><\/tr><tr><td><mark style=\"background-color:rgba(0, 0, 0, 0);color:#8a0d18\" class=\"has-inline-color\">30. J\u00e4nner &#8211; 6. Februar 2027<\/mark><br>ZEN UND SCHNEESCHUHWANDERN \/ HAUS DER STILLE PUREGG<br>5x 25 Minuten Zen-Meditation, 4-6 Stunden Schneeschuhwandern, pers\u00f6nliches Gespr\u00e4ch, durchgehendes Schweigen. Keine besonderen Erfahrungen n\u00f6tig, lediglich eine gute k\u00f6rperliche Verfassung.<br>Beim achtsamen Gehen und Wandern in Stille werden Schritte und Atem zu einer Einheit. In diesem Einswerden tritt das diskursive Denken zur\u00fcck und gibt den Raum frei f\u00fcr die Erfahrung von Achtsamkeit und Gewahrsein.<br>Zeit: Freitag, 18.00 bis Freitag, 10.00<br>Hauskosten: Euro 392,-<br>Lehrerhonorar: freiwillig (Empfehlung des Hauses: Euro 45,-\/Tag)<br>Ort und Anmeldung: Haus der Stille Puregg, +43.664.9869754, <a href=\"https:\/\/www.puregg.at\/de\/seminare.html?eventid=493\">https:\/\/www.puregg.at\/de\/seminare.html?eventid=493<\/a><br><br><\/td><\/tr><tr><td><mark style=\"background-color:rgba(0, 0, 0, 0);color:#8a0d18\" class=\"has-inline-color\">3. &#8211; 10. Juli 2027<\/mark><br>ZEN UND WANDERN \/ HAUS DER STILLE PUREGG<br>5x 25 Minuten Zen-Meditation, 4-6 Stunden Bergwandern, pers\u00f6nliches Gespr\u00e4ch, durchgehendes Schweigen. Keine besonderen Erfahrungen n\u00f6tig, lediglich eine gute k\u00f6rperliche Verfassung.<br>Beim achtsamen Gehen und Wandern in Stille werden Schritte und Atem zu einer Einheit. In diesem Einswerden tritt das diskursive Denken zur\u00fcck und gibt den Raum frei f\u00fcr die Erfahrung von Achtsamkeit und Gewahrsein.<br>Zeit: Samstag, 18.00 bis Samstag, ca. 10.00<br>Hauskosten: Euro 392,-<br>Lehrerhonorar: freiwillig (Empfehlung des Hauses: Euro 45,-\/Tag)<br>Ort und Anmeldung: Haus der Stille Puregg, +43.664.9869754, <a href=\"https:\/\/www.puregg.at\/de\/seminare.html?eventid=494\">https:\/\/www.puregg.at\/de\/seminare.html?eventid=494<\/a><br><br><\/td><\/tr><tr><td><mark style=\"background-color:rgba(0, 0, 0, 0);color:#8a0d18\" class=\"has-inline-color\">14. &#8211; 21. August 2027<\/mark><br>ZEN UND WANDERN \/ HAUS DER STILLE PUREGG<br>5x 25 Minuten Zen-Meditation, 4-6 Stunden Bergwandern, pers\u00f6nliches Gespr\u00e4ch, durchgehendes Schweigen. Keine besonderen Erfahrungen n\u00f6tig, lediglich eine gute k\u00f6rperliche Verfassung.<br>Beim achtsamen Gehen und Wandern in Stille werden Schritte und Atem zu einer Einheit. In diesem Einswerden tritt das diskursive Denken zur\u00fcck und gibt den Raum frei f\u00fcr die Erfahrung von Achtsamkeit und Gewahrsein.<br>Zeit: Samstag, 18.00 bis Samstag, ca. 10.00<br>Hauskosten: Euro 392,-<br>Lehrerhonorar: freiwillig (Empfehlung des Hauses: Euro 45,-\/Tag)<br>Ort und Anmeldung: Haus der Stille Puregg, +43.664.9869754, <a href=\"https:\/\/www.puregg.at\/de\/seminare.html?eventid=495\">https:\/\/www.puregg.at\/de\/seminare.html?eventid=495<\/a><br><br><br><\/td><\/tr><tr><td><mark style=\"background-color:rgba(0, 0, 0, 0);color:#8a0d18\" class=\"has-inline-color\">26. Oktober &#8211; 1. November 2026<\/mark><br>ZEN &#8211; WANDLUNG ZUM INNEREN HIMMEL \/ HAUS DER STILLE PUREGG<br>11x 25 Min. Sitzmeditation, Gehmeditation, Vortrag, M\u00f6glichkeit zu pers\u00f6nlichem Gespr\u00e4ch, durchgehendes Schweigen. F\u00fcr motivierte Anf\u00e4nger\/innen und Fortgeschrittene geeignet.<br>&nbsp;Die Zen-Meditation ist eine ganzheitliche \u00dcbung, die zu einer vertieften Wahrnehmung unserer selbst und der Welt f\u00fchrt. Zen kann f\u00fcr jede und jeden zum Weg der inneren Befreiung, des Erwachens und der Erfahrung umfassenden Verbundenseins werden.<br>Zeit: Montag, 18.00 bis Sonntag, 10.00<br>Hauskosten: Euro 336,-<br>Lehrerhonorar: freiwillig (Empfehlung des Hauses: Euro 45,-\/Tag)<br>Ort und Anmeldung: Haus der Stille Puregg, +43.664.9869754, <a href=\"https:\/\/www.puregg.at\/de\/seminare.html?eventid=496\">https:\/\/www.puregg.at\/de\/seminare.html?eventid=496<\/a><br><br><\/td><\/tr><\/tbody><\/table><\/figure>\n","protected":false},"excerpt":{"rendered":"<p>KURSE 2026 10.-17.1. ZEN und SCHNEESCHUHWANDERN \/ Haus der Stille Puregg 30.1.-6.2. ZEN und SCHNEESCHUHWANDERN \/ Haus der Stille Puregg 8.-15.5. &#8222;DAS WEITE SUCHEN&#8220; &#8211; Achtsam Wandern durchs slowenische Hinterland 1.-5.6. RILKE und die Poesie der Stille. Eine Karstreise \/ Triest 4.-11.7. ZEN und WANDERN \/ Haus der Stille Puregg 15.-22.8. ZEN und WANDERN \/ &hellip; <\/p>\n<p class=\"link-more\"><a href=\"https:\/\/www.shindo.at\/?page_id=61\" class=\"more-link\"><span class=\"screen-reader-text\">\u201eKursprogramm\u201c<\/span> weiterlesen<\/a><\/p>\n","protected":false},"author":1,"featured_media":0,"parent":0,"menu_order":0,"comment_status":"closed","ping_status":"closed","template":"","meta":{"footnotes":""},"class_list":["post-61","page","type-page","status-publish","hentry"],"_links":{"self":[{"href":"https:\/\/www.shindo.at\/index.php?rest_route=\/wp\/v2\/pages\/61","targetHints":{"allow":["GET"]}}],"collection":[{"href":"https:\/\/www.shindo.at\/index.php?rest_route=\/wp\/v2\/pages"}],"about":[{"href":"https:\/\/www.shindo.at\/index.php?rest_route=\/wp\/v2\/types\/page"}],"author":[{"embeddable":true,"href":"https:\/\/www.shindo.at\/index.php?rest_route=\/wp\/v2\/users\/1"}],"replies":[{"embeddable":true,"href":"https:\/\/www.shindo.at\/index.php?rest_route=%2Fwp%2Fv2%2Fcomments&post=61"}],"version-history":[{"count":221,"href":"https:\/\/www.shindo.at\/index.php?rest_route=\/wp\/v2\/pages\/61\/revisions"}],"predecessor-version":[{"id":1497,"href":"https:\/\/www.shindo.at\/index.php?rest_route=\/wp\/v2\/pages\/61\/revisions\/1497"}],"wp:attachment":[{"href":"https:\/\/www.shindo.at\/index.php?rest_route=%2Fwp%2Fv2%2Fmedia&parent=61"}],"curies":[{"name":"wp","href":"https:\/\/api.w.org\/{rel}","templated":true}]}}