{"id":78,"date":"2020-12-28T18:31:18","date_gmt":"2020-12-28T17:31:18","guid":{"rendered":"http:\/\/192.168.64.3\/shindo\/?page_id=78"},"modified":"2021-04-27T10:31:24","modified_gmt":"2021-04-27T08:31:24","slug":"achtsam-wandern","status":"publish","type":"page","link":"https:\/\/www.shindo.at\/?page_id=78","title":{"rendered":"ACHTSAM WANDERN"},"content":{"rendered":"\n<p class=\"has-text-align-right has-text-color has-small-font-size\" style=\"color:#80080a;line-height:0.9\">&#8222;Auf der Erde zu gehen, das ist das Wunder.&#8220;<\/p>\n\n\n\n<p class=\"has-text-align-right has-small-font-size\" style=\"line-height:0.9\">LINCHI (jap. RINZAI)<\/p>\n\n\n\n<p>Beim achtsamen Gehen und Wandern in Stille werden Schritte und Atem zu einer Einheit. In diesem Einswerden tritt das diskursive Denken zur\u00fcck und gibt den Raum frei f\u00fcr die Erfahrung von Achtsamkeit und Gewahrsein.<\/p>\n\n\n\n<p>Der vietnamesische Zen-Meister Th\u00eech Nh\u00e2t H\u00e2nh sagt \u00fcber das achtsame Gehen:<\/p>\n\n\n\n<p>&#8222;Gehen ist wie ein Spaziergang, wir haben dabei nicht die Absicht, einen bestimmten Ort innerhalb einer bestimmten Zeitspanne erreichen zu wollen. Zweck des Gehens ist das Gehen selbst. Entscheidend ist das Gehen, nicht das Ankommen, denn Gehen ist kein Mittel, es ist das Ziel. Jeder Schritt ist Leben; jeder Schritt ist Frieden. Das ist der Grund, warum wir nicht zu eilen haben; darum verlangsamen wir unsere Schritte.&#8220;<\/p>\n\n\n\n<p>Details zu den aktuellen Wanderkursen findest du im Men\u00fcpunkt \u201aKursprogramm\u2018.<\/p>\n","protected":false},"excerpt":{"rendered":"<p>&#8222;Auf der Erde zu gehen, das ist das Wunder.&#8220; LINCHI (jap. RINZAI) Beim achtsamen Gehen und Wandern in Stille werden Schritte und Atem zu einer Einheit. In diesem Einswerden tritt das diskursive Denken zur\u00fcck und gibt den Raum frei f\u00fcr die Erfahrung von Achtsamkeit und Gewahrsein. Der vietnamesische Zen-Meister Th\u00eech Nh\u00e2t H\u00e2nh sagt \u00fcber das &hellip; <\/p>\n<p class=\"link-more\"><a href=\"https:\/\/www.shindo.at\/?page_id=78\" class=\"more-link\"><span class=\"screen-reader-text\">\u201eACHTSAM WANDERN\u201c<\/span> weiterlesen<\/a><\/p>\n","protected":false},"author":3,"featured_media":435,"parent":0,"menu_order":5,"comment_status":"closed","ping_status":"closed","template":"","meta":{"footnotes":""},"class_list":["post-78","page","type-page","status-publish","has-post-thumbnail","hentry"],"_links":{"self":[{"href":"https:\/\/www.shindo.at\/index.php?rest_route=\/wp\/v2\/pages\/78","targetHints":{"allow":["GET"]}}],"collection":[{"href":"https:\/\/www.shindo.at\/index.php?rest_route=\/wp\/v2\/pages"}],"about":[{"href":"https:\/\/www.shindo.at\/index.php?rest_route=\/wp\/v2\/types\/page"}],"author":[{"embeddable":true,"href":"https:\/\/www.shindo.at\/index.php?rest_route=\/wp\/v2\/users\/3"}],"replies":[{"embeddable":true,"href":"https:\/\/www.shindo.at\/index.php?rest_route=%2Fwp%2Fv2%2Fcomments&post=78"}],"version-history":[{"count":8,"href":"https:\/\/www.shindo.at\/index.php?rest_route=\/wp\/v2\/pages\/78\/revisions"}],"predecessor-version":[{"id":308,"href":"https:\/\/www.shindo.at\/index.php?rest_route=\/wp\/v2\/pages\/78\/revisions\/308"}],"wp:featuredmedia":[{"embeddable":true,"href":"https:\/\/www.shindo.at\/index.php?rest_route=\/wp\/v2\/media\/435"}],"wp:attachment":[{"href":"https:\/\/www.shindo.at\/index.php?rest_route=%2Fwp%2Fv2%2Fmedia&parent=78"}],"curies":[{"name":"wp","href":"https:\/\/api.w.org\/{rel}","templated":true}]}}